{"id":606,"date":"2021-01-28T19:38:31","date_gmt":"2021-01-28T18:38:31","guid":{"rendered":"http:\/\/www.sanex-lowce.pl\/?page_id=606"},"modified":"2021-01-28T20:07:52","modified_gmt":"2021-01-28T19:07:52","slug":"kontakt","status":"publish","type":"page","link":"https:\/\/www.sanex-lowce.pl\/de\/kontakt\/","title":{"rendered":"KONTAKT"},"content":{"rendered":"","protected":false},"excerpt":{"rendered":"","protected":false},"author":3,"featured_media":0,"parent":0,"menu_order":4,"comment_status":"closed","ping_status":"closed","template":"template-kontakt.php","meta":{"footnotes":""},"yoast_head":"<!-- This site is optimized with the Yoast SEO plugin v21.0 - https:\/\/yoast.com\/wordpress\/plugins\/seo\/ -->\n<title>KONTAKT - Sanex<\/title>\n<meta name=\"robots\" content=\"index, follow, max-snippet:-1, max-image-preview:large, max-video-preview:-1\" \/>\n<link rel=\"canonical\" href=\"https:\/\/www.sanex-lowce.pl\/de\/kontakt\/\" \/>\n<meta property=\"og:locale\" content=\"de_DE\" \/>\n<meta property=\"og:type\" content=\"article\" \/>\n<meta property=\"og:title\" content=\"KONTAKT - Sanex\" \/>\n<meta property=\"og:url\" content=\"https:\/\/www.sanex-lowce.pl\/kontakt\/\" \/>\n<meta property=\"og:site_name\" content=\"Sanex\" \/>\n<meta property=\"article:modified_time\" content=\"2021-01-28T19:07:52+00:00\" \/>\n<meta property=\"og:image\" content=\"https:\/\/www.sanex-lowce.pl\/wp-content\/uploads\/sanex-2020a.png\" \/>\n\t<meta property=\"og:image:width\" content=\"430\" \/>\n\t<meta property=\"og:image:height\" content=\"220\" \/>\n\t<meta property=\"og:image:type\" content=\"image\/png\" \/>\n<meta name=\"twitter:card\" content=\"summary_large_image\" \/>\n<script type=\"application\/ld+json\" class=\"yoast-schema-graph\">{\"@context\":\"https:\/\/schema.org\",\"@graph\":[{\"@type\":\"WebPage\",\"@id\":\"https:\/\/www.sanex-lowce.pl\/kontakt\/\",\"url\":\"https:\/\/www.sanex-lowce.pl\/kontakt\/\",\"name\":\"KONTAKT - Sanex\",\"isPartOf\":{\"@id\":\"https:\/\/www.sanex-lowce.pl\/de\/#website\"},\"datePublished\":\"2021-01-28T18:38:31+00:00\",\"dateModified\":\"2021-01-28T19:07:52+00:00\",\"breadcrumb\":{\"@id\":\"https:\/\/www.sanex-lowce.pl\/kontakt\/#breadcrumb\"},\"inLanguage\":\"de\",\"potentialAction\":[{\"@type\":\"ReadAction\",\"target\":[\"https:\/\/www.sanex-lowce.pl\/kontakt\/\"]}]},{\"@type\":\"BreadcrumbList\",\"@id\":\"https:\/\/www.sanex-lowce.pl\/kontakt\/#breadcrumb\",\"itemListElement\":[{\"@type\":\"ListItem\",\"position\":1,\"name\":\"Strona g\u0142\u00f3wna\",\"item\":\"https:\/\/www.sanex-lowce.pl\/\"},{\"@type\":\"ListItem\",\"position\":2,\"name\":\"KONTAKT\"}]},{\"@type\":\"WebSite\",\"@id\":\"https:\/\/www.sanex-lowce.pl\/de\/#website\",\"url\":\"https:\/\/www.sanex-lowce.pl\/de\/\",\"name\":\"Sanex\",\"description\":\"Specjalizujemy si\u0119 w produkcji, opakowa\u0144 drewnianych i tekturowych. Nasza d\u0142ugoletnia dzia\u0142alno\u015b\u0107 w bran\u017cy opakowa\u0144 sprawia, \u017ce stosujemy najlepsze rozwi\u0105zania dla naszych klient\u00f3w w paletyzacji, transporcie i magazynowaniu. Poszerzaj\u0105c nasz\u0105 dotychczasow\u0105 produkcj\u0119 o opakowania z tektury o strukturze plastra miodu, chcemy w spos\u00f3b kompleksowy i szerszy dostosowa\u0107 si\u0119 do potrzeb naszych klient\u00f3w by zapewni\u0107 du\u017cy wyb\u00f3r alternatywnych form opakowa\u0144. Wyrazem naszej dzia\u0142alno\u015bci s\u0105 otrzymane liczne dyplomy, nagrody, certyfikaty, zobowi\u0105zuj\u0105 nas do oferowania wyrob\u00f3w najwy\u017cszej jako\u015bci oraz mobilizuj\u0105 do dalszego rozwoju.\",\"publisher\":{\"@id\":\"https:\/\/www.sanex-lowce.pl\/de\/#organization\"},\"potentialAction\":[{\"@type\":\"SearchAction\",\"target\":{\"@type\":\"EntryPoint\",\"urlTemplate\":\"https:\/\/www.sanex-lowce.pl\/de\/?s={search_term_string}\"},\"query-input\":\"required name=search_term_string\"}],\"inLanguage\":\"de\"},{\"@type\":\"Organization\",\"@id\":\"https:\/\/www.sanex-lowce.pl\/de\/#organization\",\"name\":\"Sanex\",\"url\":\"https:\/\/www.sanex-lowce.pl\/de\/\",\"logo\":{\"@type\":\"ImageObject\",\"inLanguage\":\"de\",\"@id\":\"https:\/\/www.sanex-lowce.pl\/de\/#\/schema\/logo\/image\/\",\"url\":\"https:\/\/www.sanex-lowce.pl\/wp-content\/uploads\/sanex-2020a.png\",\"contentUrl\":\"https:\/\/www.sanex-lowce.pl\/wp-content\/uploads\/sanex-2020a.png\",\"width\":430,\"height\":220,\"caption\":\"Sanex\"},\"image\":{\"@id\":\"https:\/\/www.sanex-lowce.pl\/de\/#\/schema\/logo\/image\/\"}}]}<\/script>\n<!-- \/ Yoast SEO plugin. -->","yoast_head_json":{"title":"KONTAKT - Sanex","robots":{"index":"index","follow":"follow","max-snippet":"max-snippet:-1","max-image-preview":"max-image-preview:large","max-video-preview":"max-video-preview:-1"},"canonical":"https:\/\/www.sanex-lowce.pl\/de\/kontakt\/","og_locale":"de_DE","og_type":"article","og_title":"KONTAKT - Sanex","og_url":"https:\/\/www.sanex-lowce.pl\/kontakt\/","og_site_name":"Sanex","article_modified_time":"2021-01-28T19:07:52+00:00","og_image":[{"width":430,"height":220,"url":"https:\/\/www.sanex-lowce.pl\/wp-content\/uploads\/sanex-2020a.png","type":"image\/png"}],"twitter_card":"summary_large_image","schema":{"@context":"https:\/\/schema.org","@graph":[{"@type":"WebPage","@id":"https:\/\/www.sanex-lowce.pl\/kontakt\/","url":"https:\/\/www.sanex-lowce.pl\/kontakt\/","name":"KONTAKT - Sanex","isPartOf":{"@id":"https:\/\/www.sanex-lowce.pl\/de\/#website"},"datePublished":"2021-01-28T18:38:31+00:00","dateModified":"2021-01-28T19:07:52+00:00","breadcrumb":{"@id":"https:\/\/www.sanex-lowce.pl\/kontakt\/#breadcrumb"},"inLanguage":"de","potentialAction":[{"@type":"ReadAction","target":["https:\/\/www.sanex-lowce.pl\/kontakt\/"]}]},{"@type":"BreadcrumbList","@id":"https:\/\/www.sanex-lowce.pl\/kontakt\/#breadcrumb","itemListElement":[{"@type":"ListItem","position":1,"name":"Strona g\u0142\u00f3wna","item":"https:\/\/www.sanex-lowce.pl\/"},{"@type":"ListItem","position":2,"name":"KONTAKT"}]},{"@type":"WebSite","@id":"https:\/\/www.sanex-lowce.pl\/de\/#website","url":"https:\/\/www.sanex-lowce.pl\/de\/","name":"Sanex","description":"Specjalizujemy si\u0119 w produkcji, opakowa\u0144 drewnianych i tekturowych. Nasza d\u0142ugoletnia dzia\u0142alno\u015b\u0107 w bran\u017cy opakowa\u0144 sprawia, \u017ce stosujemy najlepsze rozwi\u0105zania dla naszych klient\u00f3w w paletyzacji, transporcie i magazynowaniu. Poszerzaj\u0105c nasz\u0105 dotychczasow\u0105 produkcj\u0119 o opakowania z tektury o strukturze plastra miodu, chcemy w spos\u00f3b kompleksowy i szerszy dostosowa\u0107 si\u0119 do potrzeb naszych klient\u00f3w by zapewni\u0107 du\u017cy wyb\u00f3r alternatywnych form opakowa\u0144. Wyrazem naszej dzia\u0142alno\u015bci s\u0105 otrzymane liczne dyplomy, nagrody, certyfikaty, zobowi\u0105zuj\u0105 nas do oferowania wyrob\u00f3w najwy\u017cszej jako\u015bci oraz mobilizuj\u0105 do dalszego rozwoju.","publisher":{"@id":"https:\/\/www.sanex-lowce.pl\/de\/#organization"},"potentialAction":[{"@type":"SearchAction","target":{"@type":"EntryPoint","urlTemplate":"https:\/\/www.sanex-lowce.pl\/de\/?s={search_term_string}"},"query-input":"required name=search_term_string"}],"inLanguage":"de"},{"@type":"Organization","@id":"https:\/\/www.sanex-lowce.pl\/de\/#organization","name":"Sanex","url":"https:\/\/www.sanex-lowce.pl\/de\/","logo":{"@type":"ImageObject","inLanguage":"de","@id":"https:\/\/www.sanex-lowce.pl\/de\/#\/schema\/logo\/image\/","url":"https:\/\/www.sanex-lowce.pl\/wp-content\/uploads\/sanex-2020a.png","contentUrl":"https:\/\/www.sanex-lowce.pl\/wp-content\/uploads\/sanex-2020a.png","width":430,"height":220,"caption":"Sanex"},"image":{"@id":"https:\/\/www.sanex-lowce.pl\/de\/#\/schema\/logo\/image\/"}}]}},"_links":{"self":[{"href":"https:\/\/www.sanex-lowce.pl\/de\/wp-json\/wp\/v2\/pages\/606"}],"collection":[{"href":"https:\/\/www.sanex-lowce.pl\/de\/wp-json\/wp\/v2\/pages"}],"about":[{"href":"https:\/\/www.sanex-lowce.pl\/de\/wp-json\/wp\/v2\/types\/page"}],"author":[{"embeddable":true,"href":"https:\/\/www.sanex-lowce.pl\/de\/wp-json\/wp\/v2\/users\/3"}],"replies":[{"embeddable":true,"href":"https:\/\/www.sanex-lowce.pl\/de\/wp-json\/wp\/v2\/comments?post=606"}],"version-history":[{"count":3,"href":"https:\/\/www.sanex-lowce.pl\/de\/wp-json\/wp\/v2\/pages\/606\/revisions"}],"predecessor-version":[{"id":653,"href":"https:\/\/www.sanex-lowce.pl\/de\/wp-json\/wp\/v2\/pages\/606\/revisions\/653"}],"wp:attachment":[{"href":"https:\/\/www.sanex-lowce.pl\/de\/wp-json\/wp\/v2\/media?parent=606"}],"curies":[{"name":"wp","href":"https:\/\/api.w.org\/{rel}","templated":true}]}}